{"id":441,"date":"2012-02-21T13:35:28","date_gmt":"2012-02-21T12:35:28","guid":{"rendered":"http:\/\/weimarersv-fussball.de\/wordpress\/?page_id=441"},"modified":"2018-06-29T11:46:20","modified_gmt":"2018-06-29T09:46:20","slug":"unser-heimspielort","status":"publish","type":"page","link":"https:\/\/weimarersv-fussball.de\/wordpress\/index.php\/unser-heimspielort\/","title":{"rendered":"Unser Heimspielort"},"content":{"rendered":"<div align=\"center\"><iframe loading=\"lazy\" src=\"https:\/\/maps.google.de\/maps\/ms?hl=de&amp;ie=UTF8&amp;oe=UTF8&amp;msa=0&amp;msid=218350594306595834655.0004b61aef7deb3e2991e&amp;t=h&amp;source=embed&amp;ll=50.956399,11.278077&amp;spn=0.002703,0.006019&amp;z=17&amp;output=embed\" marginwidth=\"0\" marginheight=\"0\" scrolling=\"no\" frameborder=\"0\" height=\"400\" width=\"560\"><\/iframe><br \/>\n<small><a style=\"color: #0000ff; text-align: left;\" href=\"https:\/\/maps.google.de\/maps\/ms?hl=de&amp;ie=UTF8&amp;oe=UTF8&amp;msa=0&amp;msid=218350594306595834655.0004b61aef7deb3e2991e&amp;t=h&amp;source=embed&amp;ll=50.956399,11.278077&amp;spn=0.002703,0.006019&amp;z=17\">Obergrunstedter Stra\u00dfe 23<\/a> auf einer gr\u00f6\u00dferen Karte anzeigen<\/small><\/div>\n","protected":false},"excerpt":{"rendered":"<p>Obergrunstedter Stra\u00dfe 23 auf einer gr\u00f6\u00dferen Karte anzeigen<\/p>\n","protected":false},"author":1,"featured_media":0,"parent":0,"menu_order":0,"comment_status":"closed","ping_status":"open","template":"","meta":{"ngg_post_thumbnail":0,"footnotes":""},"class_list":["post-441","page","type-page","status-publish","hentry"],"publishpress_future_action":{"enabled":false,"date":"2026-05-09 07:43:12","action":"change-status","newStatus":"draft","terms":[],"taxonomy":"","extraData":[]},"publishpress_future_workflow_manual_trigger":{"enabledWorkflows":[]},"_links":{"self":[{"href":"https:\/\/weimarersv-fussball.de\/wordpress\/index.php\/wp-json\/wp\/v2\/pages\/441","targetHints":{"allow":["GET"]}}],"collection":[{"href":"https:\/\/weimarersv-fussball.de\/wordpress\/index.php\/wp-json\/wp\/v2\/pages"}],"about":[{"href":"https:\/\/weimarersv-fussball.de\/wordpress\/index.php\/wp-json\/wp\/v2\/types\/page"}],"author":[{"embeddable":true,"href":"https:\/\/weimarersv-fussball.de\/wordpress\/index.php\/wp-json\/wp\/v2\/users\/1"}],"replies":[{"embeddable":true,"href":"https:\/\/weimarersv-fussball.de\/wordpress\/index.php\/wp-json\/wp\/v2\/comments?post=441"}],"version-history":[{"count":7,"href":"https:\/\/weimarersv-fussball.de\/wordpress\/index.php\/wp-json\/wp\/v2\/pages\/441\/revisions"}],"predecessor-version":[{"id":2966,"href":"https:\/\/weimarersv-fussball.de\/wordpress\/index.php\/wp-json\/wp\/v2\/pages\/441\/revisions\/2966"}],"wp:attachment":[{"href":"https:\/\/weimarersv-fussball.de\/wordpress\/index.php\/wp-json\/wp\/v2\/media?parent=441"}],"curies":[{"name":"wp","href":"https:\/\/api.w.org\/{rel}","templated":true}]}}