{"id":510,"date":"2012-04-01T18:11:08","date_gmt":"2012-04-01T16:11:08","guid":{"rendered":"http:\/\/weimarersv-fussball.de\/wordpress\/?page_id=510"},"modified":"2025-10-29T14:52:29","modified_gmt":"2025-10-29T13:52:29","slug":"junioren","status":"publish","type":"page","link":"https:\/\/weimarersv-fussball.de\/wordpress\/index.php\/mannschaften\/junioren\/","title":{"rendered":"Alles \u00fcber unsere Junioren"},"content":{"rendered":"<h3>Derzeit kommen bis zu 50 Kinder jede Woche zum Training. Ob es neugierige Einsteiger sind oder (mit bis zu 16 Jahren ) \u201ealte Hasen\u201c \u2013 in 2 Altersgruppen geteilt und mit je einem eigenen ehrenamtlich t\u00e4tigen \u00dcbungsleiter.<br \/>\nIn der kommenden Saison 2024\/2025 nimmt der Weimarer Sportverein e.V. mit einer Juniorenmannschaft (C-Junioren) am Punktspielbetrieb des KFA Mittelth\u00fcringen teil. Unsere B-Junioren bestreiten nur Freundschaftsspiele.<br \/>\n<a href=\"https:\/\/weimarersv-fussball.de\/wordpress\/index.php\/vereinsspielplan-alle-mannschaften-auf-einen-blick\/\">Hier geht&#8217;s zu Spielbetrieb . . . [mehr]<\/a><\/h3>\n<table id=\"2\" border=\"0\" align=\"left\">\n<tbody>\n<tr>\n<td>\n<h3>Aktuelles:<\/h3>\n<\/td>\n<td>\n<h3>Liebe Kinder, (12 &#8211; 17 Jahre)Ihr habt Lust und Spa\u00df an Bewegung und begeistert euch f\u00fcr den Fu\u00dfball?<\/h3>\n<h3><strong>Dann seid ihr bei uns genau richtig!<\/strong><\/h3>\n<h3>Wir wollen zusammen mit euch den Spa\u00df am Fu\u00dfball erleben und gemeinsam erlernen, wie der Ball h\u00fcpft,sich dreht,fliegt und geschossen wird.<\/h3>\n<h3>Ihr wollt Kontakte zu Gleichaltrigen und Gleichgesinnten kn\u00fcpfen und euch in eine Gruppe einbringen ,dann kommt nach Niedergrunstedt zum Weimarer SV!<\/h3>\n<h3>Informationen erhalten Sie \u00fcber die Gesch\u00e4ftsstelle des Weimarer Sportvereins e.V.: 03643\/502049 oder direkt beim Abteilungsleiter Fu\u00dfball:<br \/>\nKai Stodollik (0152-04417651.<\/h3>\n<\/td>\n<\/tr>\n<\/tbody>\n<\/table>\n<p>&nbsp;<\/p>\n","protected":false},"excerpt":{"rendered":"<p>Derzeit kommen bis zu 50 Kinder jede Woche zum Training. Ob es neugierige Einsteiger sind oder (mit bis zu 16 Jahren ) \u201ealte Hasen\u201c \u2013 in 2 Altersgruppen geteilt und mit je einem eigenen ehrenamtlich t\u00e4tigen \u00dcbungsleiter. In der kommenden &hellip; <a href=\"https:\/\/weimarersv-fussball.de\/wordpress\/index.php\/mannschaften\/junioren\/\">Weiterlesen <span class=\"meta-nav\">&rarr;<\/span><\/a><\/p>\n","protected":false},"author":1,"featured_media":0,"parent":60,"menu_order":0,"comment_status":"closed","ping_status":"open","template":"","meta":{"ngg_post_thumbnail":0,"footnotes":""},"class_list":["post-510","page","type-page","status-publish","hentry"],"publishpress_future_action":{"enabled":false,"date":"2026-05-09 06:27:13","action":"change-status","newStatus":"draft","terms":[],"taxonomy":"","extraData":[]},"publishpress_future_workflow_manual_trigger":{"enabledWorkflows":[]},"_links":{"self":[{"href":"https:\/\/weimarersv-fussball.de\/wordpress\/index.php\/wp-json\/wp\/v2\/pages\/510","targetHints":{"allow":["GET"]}}],"collection":[{"href":"https:\/\/weimarersv-fussball.de\/wordpress\/index.php\/wp-json\/wp\/v2\/pages"}],"about":[{"href":"https:\/\/weimarersv-fussball.de\/wordpress\/index.php\/wp-json\/wp\/v2\/types\/page"}],"author":[{"embeddable":true,"href":"https:\/\/weimarersv-fussball.de\/wordpress\/index.php\/wp-json\/wp\/v2\/users\/1"}],"replies":[{"embeddable":true,"href":"https:\/\/weimarersv-fussball.de\/wordpress\/index.php\/wp-json\/wp\/v2\/comments?post=510"}],"version-history":[{"count":47,"href":"https:\/\/weimarersv-fussball.de\/wordpress\/index.php\/wp-json\/wp\/v2\/pages\/510\/revisions"}],"predecessor-version":[{"id":3776,"href":"https:\/\/weimarersv-fussball.de\/wordpress\/index.php\/wp-json\/wp\/v2\/pages\/510\/revisions\/3776"}],"up":[{"embeddable":true,"href":"https:\/\/weimarersv-fussball.de\/wordpress\/index.php\/wp-json\/wp\/v2\/pages\/60"}],"wp:attachment":[{"href":"https:\/\/weimarersv-fussball.de\/wordpress\/index.php\/wp-json\/wp\/v2\/media?parent=510"}],"curies":[{"name":"wp","href":"https:\/\/api.w.org\/{rel}","templated":true}]}}