{"id":55,"date":"2012-02-02T11:38:27","date_gmt":"2012-02-02T10:38:27","guid":{"rendered":"http:\/\/weimarersv-fussball.de\/wordpress\/?page_id=55"},"modified":"2012-05-06T11:05:50","modified_gmt":"2012-05-06T09:05:50","slug":"ueber-uns","status":"publish","type":"page","link":"https:\/\/weimarersv-fussball.de\/wordpress\/index.php\/ueber-uns\/","title":{"rendered":"\u00dcber uns"},"content":{"rendered":"<p>\u00dcbersicht zur Geschichte und Entwicklung unseres Vereins und der Abteilung Fu\u00dfball.<\/p>\n<p>Beitrag folgt!<\/p>\n","protected":false},"excerpt":{"rendered":"<p>\u00dcbersicht zur Geschichte und Entwicklung unseres Vereins und der Abteilung Fu\u00dfball. Beitrag folgt!<\/p>\n","protected":false},"author":1,"featured_media":0,"parent":0,"menu_order":1,"comment_status":"closed","ping_status":"closed","template":"","meta":{"ngg_post_thumbnail":0,"footnotes":""},"class_list":["post-55","page","type-page","status-publish","hentry"],"publishpress_future_action":{"enabled":false,"date":"2026-05-09 06:26:59","action":"change-status","newStatus":"draft","terms":[],"taxonomy":"","extraData":[]},"publishpress_future_workflow_manual_trigger":{"enabledWorkflows":[]},"_links":{"self":[{"href":"https:\/\/weimarersv-fussball.de\/wordpress\/index.php\/wp-json\/wp\/v2\/pages\/55","targetHints":{"allow":["GET"]}}],"collection":[{"href":"https:\/\/weimarersv-fussball.de\/wordpress\/index.php\/wp-json\/wp\/v2\/pages"}],"about":[{"href":"https:\/\/weimarersv-fussball.de\/wordpress\/index.php\/wp-json\/wp\/v2\/types\/page"}],"author":[{"embeddable":true,"href":"https:\/\/weimarersv-fussball.de\/wordpress\/index.php\/wp-json\/wp\/v2\/users\/1"}],"replies":[{"embeddable":true,"href":"https:\/\/weimarersv-fussball.de\/wordpress\/index.php\/wp-json\/wp\/v2\/comments?post=55"}],"version-history":[{"count":10,"href":"https:\/\/weimarersv-fussball.de\/wordpress\/index.php\/wp-json\/wp\/v2\/pages\/55\/revisions"}],"predecessor-version":[{"id":681,"href":"https:\/\/weimarersv-fussball.de\/wordpress\/index.php\/wp-json\/wp\/v2\/pages\/55\/revisions\/681"}],"wp:attachment":[{"href":"https:\/\/weimarersv-fussball.de\/wordpress\/index.php\/wp-json\/wp\/v2\/media?parent=55"}],"curies":[{"name":"wp","href":"https:\/\/api.w.org\/{rel}","templated":true}]}}